{"id":96,"date":"2021-05-12T06:15:15","date_gmt":"2021-05-12T06:15:15","guid":{"rendered":"http:\/\/www.jitulik.cz\/?page_id=96"},"modified":"2021-12-07T08:11:49","modified_gmt":"2021-12-07T08:11:49","slug":"kontakt","status":"publish","type":"page","link":"https:\/\/www.jitulik.cz\/index.php\/kontakt\/","title":{"rendered":"Kontakt"},"content":{"rendered":"\n<p><strong><span class=\"has-inline-color has-black-color\">Lenka Ku\u010derov\u00e1<\/span><\/strong><\/p>\n\n\n\n<p><strong>Lule\u010d 397<\/strong><\/p>\n\n\n\n<p><strong><span class=\"has-inline-color has-black-color\">683 03 Lule\u010d<\/span><\/strong><\/p>\n\n\n\n<p><\/p>\n\n\n\n<p><strong><span class=\"has-inline-color has-black-color\">Adresa na Sardinii:<\/span><\/strong><\/p>\n\n\n\n<p><strong><span class=\"has-inline-color has-black-color\">Via Cristoforo Colombo 50<\/span><\/strong><\/p>\n\n\n\n<p><strong><span class=\"has-inline-color has-black-color\">Valledoria &#8211; La Ciaccia<\/span><\/strong><\/p>\n\n\n\n<p><\/p>\n\n\n\n<p><strong><span class=\"has-inline-color has-black-color\">tel.: +420 724 251 620<\/span><\/strong><\/p>\n\n\n\n<p><strong><span class=\"has-inline-color has-black-color\">email: lulec@seznam.cz<\/span><\/strong><\/p>\n","protected":false},"excerpt":{"rendered":"<p>Lenka Ku\u010derov\u00e1 Lule\u010d 397 683 03 Lule\u010d Adresa na Sardinii: Via Cristoforo Colombo 50 Valledoria &#8211; La Ciaccia tel.: +420 724 251 620 email: lulec@seznam.cz<\/p>\n","protected":false},"author":1,"featured_media":0,"parent":0,"menu_order":0,"comment_status":"closed","ping_status":"closed","template":"","meta":[],"_links":{"self":[{"href":"https:\/\/www.jitulik.cz\/index.php\/wp-json\/wp\/v2\/pages\/96"}],"collection":[{"href":"https:\/\/www.jitulik.cz\/index.php\/wp-json\/wp\/v2\/pages"}],"about":[{"href":"https:\/\/www.jitulik.cz\/index.php\/wp-json\/wp\/v2\/types\/page"}],"author":[{"embeddable":true,"href":"https:\/\/www.jitulik.cz\/index.php\/wp-json\/wp\/v2\/users\/1"}],"replies":[{"embeddable":true,"href":"https:\/\/www.jitulik.cz\/index.php\/wp-json\/wp\/v2\/comments?post=96"}],"version-history":[{"count":4,"href":"https:\/\/www.jitulik.cz\/index.php\/wp-json\/wp\/v2\/pages\/96\/revisions"}],"predecessor-version":[{"id":213,"href":"https:\/\/www.jitulik.cz\/index.php\/wp-json\/wp\/v2\/pages\/96\/revisions\/213"}],"wp:attachment":[{"href":"https:\/\/www.jitulik.cz\/index.php\/wp-json\/wp\/v2\/media?parent=96"}],"curies":[{"name":"wp","href":"https:\/\/api.w.org\/{rel}","templated":true}]}}