{"id":119,"date":"2021-05-12T06:15:15","date_gmt":"2021-05-12T06:15:15","guid":{"rendered":"http:\/\/www.jitulik.cz\/?page_id=119"},"modified":"2024-01-11T12:15:07","modified_gmt":"2024-01-11T12:15:07","slug":"domu","status":"publish","type":"page","link":"https:\/\/www.jitulik.cz\/","title":{"rendered":""},"content":{"rendered":"\n<p><span class=\"has-inline-color has-black-color\"><strong>U\u017e V\u00e1s n\u011bkdy napadlo m\u00edt sv\u00e9 m\u00edsto \u00faniku, odpo\u010dinku, pohody p\u0159\u00edmo u mo\u0159e? Je to snadn\u00e9 a v dne\u0161n\u00ed dob\u011b i dostupn\u011bj\u0161\u00ed ne\u017e po\u0159\u00eddit si nemovitost u n\u00e1s. Na Sardinii jsme ji\u017e jeden\u00e1ct\u00fd rok a v\u00fdborn\u011b zn\u00e1me prost\u0159ed\u00ed. Pom\u016f\u017eu V\u00e1m naj\u00edt ide\u00e1ln\u00ed nemovitost a provedu cel\u00fdm procesem n\u00e1kupu a nejen to. Budu V\u00e1m k dispozici i p\u0159i orientaci v nov\u00e9m prost\u0159ed\u00ed a porad\u00edm se v\u0161\u00edm co V\u00e1s potk\u00e1 a bude v m\u00fdch sil\u00e1ch vy\u0159e\u0161it <a href=\"https:\/\/www.jitulik.cz\/index.php\/ke-stazeni\/\" data-type=\"URL\" data-id=\"https:\/\/www.jitulik.cz\/index.php\/ke-stazeni\/\">\ud83d\ude42<\/a><\/strong><\/span><\/p>\n","protected":false},"excerpt":{"rendered":"<p>U\u017e V\u00e1s n\u011bkdy napadlo m\u00edt sv\u00e9 m\u00edsto \u00faniku, odpo\u010dinku, pohody p\u0159\u00edmo u mo\u0159e? Je to snadn\u00e9 a v dne\u0161n\u00ed dob\u011b i dostupn\u011bj\u0161\u00ed ne\u017e po\u0159\u00eddit si nemovitost u n\u00e1s. Na Sardinii jsme ji\u017e jeden\u00e1ct\u00fd rok a v\u00fdborn\u011b zn\u00e1me prost\u0159ed\u00ed. Pom\u016f\u017eu V\u00e1m naj\u00edt ide\u00e1ln\u00ed nemovitost a provedu cel\u00fdm procesem n\u00e1kupu a nejen to. Budu V\u00e1m k dispozici [&hellip;]<\/p>\n","protected":false},"author":1,"featured_media":0,"parent":0,"menu_order":0,"comment_status":"closed","ping_status":"closed","template":"","meta":[],"_links":{"self":[{"href":"https:\/\/www.jitulik.cz\/index.php\/wp-json\/wp\/v2\/pages\/119"}],"collection":[{"href":"https:\/\/www.jitulik.cz\/index.php\/wp-json\/wp\/v2\/pages"}],"about":[{"href":"https:\/\/www.jitulik.cz\/index.php\/wp-json\/wp\/v2\/types\/page"}],"author":[{"embeddable":true,"href":"https:\/\/www.jitulik.cz\/index.php\/wp-json\/wp\/v2\/users\/1"}],"replies":[{"embeddable":true,"href":"https:\/\/www.jitulik.cz\/index.php\/wp-json\/wp\/v2\/comments?post=119"}],"version-history":[{"count":8,"href":"https:\/\/www.jitulik.cz\/index.php\/wp-json\/wp\/v2\/pages\/119\/revisions"}],"predecessor-version":[{"id":3084,"href":"https:\/\/www.jitulik.cz\/index.php\/wp-json\/wp\/v2\/pages\/119\/revisions\/3084"}],"wp:attachment":[{"href":"https:\/\/www.jitulik.cz\/index.php\/wp-json\/wp\/v2\/media?parent=119"}],"curies":[{"name":"wp","href":"https:\/\/api.w.org\/{rel}","templated":true}]}}